{"id":117,"date":"2025-05-07T09:21:53","date_gmt":"2025-05-07T07:21:53","guid":{"rendered":"http:\/\/niloofb.cluster100.hosting.ovh.net\/?page_id=117"},"modified":"2025-12-11T12:31:50","modified_gmt":"2025-12-11T11:31:50","slug":"chansons-francaises","status":"publish","type":"page","link":"https:\/\/niloofar.fr\/index.php\/chansons-francaises\/","title":{"rendered":"Chansons-fran\u00e7aises"},"content":{"rendered":"\n<h6 class=\"wp-block-heading\"><a href=\"https:\/\/niloofar.fr\/wp-content\/uploads\/2025\/10\/Adamique-1.pdf\" target=\"_blank\" rel=\"noreferrer noopener\">Adamique<\/a><\/h6>\n\n\n\n<figure class=\"wp-block-audio\"><audio controls src=\"https:\/\/niloofar.fr\/wp-content\/uploads\/2025\/09\/Adamique.mp3\" loop><\/audio><\/figure>\n\n\n\n<h6 class=\"wp-block-heading\"><a href=\"https:\/\/niloofar.fr\/wp-content\/uploads\/2025\/11\/Ajusteur.pdf\" target=\"_blank\" rel=\"noreferrer noopener\">Ajusteur de pens\u00e9e-1<\/a><\/h6>\n\n\n\n<figure class=\"wp-block-audio\"><audio controls src=\"https:\/\/niloofar.fr\/wp-content\/uploads\/2025\/12\/Ajusteur-de-pensee-1.mp3\" loop><\/audio><\/figure>\n\n\n\n<h6 class=\"wp-block-heading\">Ajusteur de pens\u00e9e-2<\/h6>\n\n\n\n<figure class=\"wp-block-audio\"><audio controls src=\"https:\/\/niloofar.fr\/wp-content\/uploads\/2025\/09\/Ajusteur-de-pensee-2.mp3\" loop><\/audio><\/figure>\n\n\n\n<h6 class=\"wp-block-heading\">Ajusteur de pens\u00e9e-3<\/h6>\n\n\n\n<figure class=\"wp-block-audio\"><audio controls src=\"https:\/\/niloofar.fr\/wp-content\/uploads\/2025\/09\/Ajusteur-de-pensee-3.mp3\" loop><\/audio><\/figure>\n\n\n\n<h6 class=\"wp-block-heading\"><a href=\"https:\/\/niloofar.fr\/wp-content\/uploads\/2025\/11\/Lamour-astral-Paroles.pdf\" target=\"_blank\" rel=\"noreferrer noopener\">L&#8217;amour astral-1<\/a><\/h6>\n\n\n\n<figure class=\"wp-block-audio\"><audio controls src=\"https:\/\/niloofar.fr\/wp-content\/uploads\/2025\/11\/Lamour-astral-1-1.mp3\" loop><\/audio><\/figure>\n\n\n\n<h6 class=\"wp-block-heading\">L&#8217;amour astral-2<\/h6>\n\n\n\n<figure class=\"wp-block-audio\"><audio controls src=\"https:\/\/niloofar.fr\/wp-content\/uploads\/2025\/11\/Lamour-astral-2.mp3\" loop><\/audio><\/figure>\n\n\n\n<h6 class=\"wp-block-heading\"><a href=\"https:\/\/niloofar.fr\/wp-content\/uploads\/2025\/11\/Anomalie.pdf\" target=\"_blank\" rel=\"noreferrer noopener\">Anomalie dans la matrice-1<\/a><\/h6>\n\n\n\n<figure class=\"wp-block-audio\"><audio controls src=\"https:\/\/niloofar.fr\/wp-content\/uploads\/2025\/10\/ANOMALIE-DANS-LA-MATRICE-1.mp3\" loop><\/audio><\/figure>\n\n\n\n<h6 class=\"wp-block-heading\">Anomalie dans la matrice-2<\/h6>\n\n\n\n<figure class=\"wp-block-audio\"><audio controls src=\"https:\/\/niloofar.fr\/wp-content\/uploads\/2025\/10\/ANOMALIE-DANS-LA-MATRICE-2.mp3\"><\/audio><\/figure>\n\n\n\n<h6 class=\"wp-block-heading\"><a href=\"https:\/\/niloofar.fr\/wp-content\/uploads\/2025\/11\/Au-dela-des-Ombres-1.pdf\" target=\"_blank\" rel=\"noreferrer noopener\">Au-del\u00e0 des Ombres-1<\/a><\/h6>\n\n\n\n<figure class=\"wp-block-audio\"><audio controls src=\"https:\/\/niloofar.fr\/wp-content\/uploads\/2025\/11\/Au-dela-des-Ombres-1.mp3\" loop><\/audio><\/figure>\n\n\n\n<h6 class=\"wp-block-heading\">Au-del\u00e0 des Ombres-2<\/h6>\n\n\n\n<figure class=\"wp-block-audio\"><audio controls src=\"https:\/\/niloofar.fr\/wp-content\/uploads\/2025\/11\/Au-dela-des-Ombres-2-1.mp3\" loop><\/audio><\/figure>\n\n\n\n<h6 class=\"wp-block-heading\"><a href=\"https:\/\/niloofar.fr\/wp-content\/uploads\/2025\/11\/Centricite.pdf\" target=\"_blank\" rel=\"noreferrer noopener\">Centricit\u00e9<\/a><\/h6>\n\n\n\n<figure class=\"wp-block-audio\"><audio controls src=\"https:\/\/niloofar.fr\/wp-content\/uploads\/2025\/11\/Centricite.mp3\"><\/audio><\/figure>\n\n\n\n<h6 class=\"wp-block-heading\">Col\u00e8re vibratoire<\/h6>\n\n\n\n<figure class=\"wp-block-audio\"><audio controls src=\"http:\/\/niloofb.cluster100.hosting.ovh.net\/wp-content\/uploads\/2025\/05\/Colere-Vibratoire.mp3\"><\/audio><\/figure>\n\n\n\n<p><\/p>\n","protected":false},"excerpt":{"rendered":"<p>Adamique Ajusteur de pens\u00e9e-1 Ajusteur de pens\u00e9e-2 Ajusteur de pens\u00e9e-3 L&#8217;amour astral-1 L&#8217;amour astral-2 Anomalie dans la matrice-1 Anomalie dans la matrice-2 Au-del\u00e0 des Ombres-1 Au-del\u00e0 des Ombres-2 Centricit\u00e9 Col\u00e8re vibratoire<\/p>\n","protected":false},"author":1,"featured_media":0,"parent":0,"menu_order":1,"comment_status":"open","ping_status":"closed","template":"","meta":{"footnotes":""},"class_list":["post-117","page","type-page","status-publish","hentry"],"yoast_head":"<!-- This site is optimized with the Yoast SEO plugin v25.1 - https:\/\/yoast.com\/wordpress\/plugins\/seo\/ -->\n<title>Chansons-fran\u00e7aises - Niloofar<\/title>\n<meta name=\"robots\" content=\"index, follow, max-snippet:-1, max-image-preview:large, max-video-preview:-1\" \/>\n<link rel=\"canonical\" href=\"https:\/\/niloofar.fr\/index.php\/chansons-francaises\/\" \/>\n<meta property=\"og:locale\" content=\"fr_FR\" \/>\n<meta property=\"og:type\" content=\"article\" \/>\n<meta property=\"og:title\" content=\"Chansons-fran\u00e7aises - Niloofar\" \/>\n<meta property=\"og:description\" content=\"Adamique Ajusteur de pens\u00e9e-1 Ajusteur de pens\u00e9e-2 Ajusteur de pens\u00e9e-3 L&#8217;amour astral-1 L&#8217;amour astral-2 Anomalie dans la matrice-1 Anomalie dans la matrice-2 Au-del\u00e0 des Ombres-1 Au-del\u00e0 des Ombres-2 Centricit\u00e9 Col\u00e8re vibratoire\" \/>\n<meta property=\"og:url\" content=\"https:\/\/niloofar.fr\/index.php\/chansons-francaises\/\" \/>\n<meta property=\"og:site_name\" content=\"Niloofar\" \/>\n<meta property=\"article:publisher\" content=\"https:\/\/www.instagram.com\/?hl=en\" \/>\n<meta property=\"article:modified_time\" content=\"2025-12-11T11:31:50+00:00\" \/>\n<meta name=\"twitter:card\" content=\"summary_large_image\" \/>\n<meta name=\"twitter:label1\" content=\"Dur\u00e9e de lecture estim\u00e9e\" \/>\n\t<meta name=\"twitter:data1\" content=\"1 minute\" \/>\n<script type=\"application\/ld+json\" class=\"yoast-schema-graph\">{\"@context\":\"https:\/\/schema.org\",\"@graph\":[{\"@type\":\"WebPage\",\"@id\":\"https:\/\/niloofar.fr\/index.php\/chansons-francaises\/\",\"url\":\"https:\/\/niloofar.fr\/index.php\/chansons-francaises\/\",\"name\":\"Chansons-fran\u00e7aises - Niloofar\",\"isPartOf\":{\"@id\":\"https:\/\/niloofar.fr\/#website\"},\"datePublished\":\"2025-05-07T07:21:53+00:00\",\"dateModified\":\"2025-12-11T11:31:50+00:00\",\"breadcrumb\":{\"@id\":\"https:\/\/niloofar.fr\/index.php\/chansons-francaises\/#breadcrumb\"},\"inLanguage\":\"fr-FR\",\"potentialAction\":[{\"@type\":\"ReadAction\",\"target\":[\"https:\/\/niloofar.fr\/index.php\/chansons-francaises\/\"]}]},{\"@type\":\"BreadcrumbList\",\"@id\":\"https:\/\/niloofar.fr\/index.php\/chansons-francaises\/#breadcrumb\",\"itemListElement\":[{\"@type\":\"ListItem\",\"position\":1,\"name\":\"Accueil\",\"item\":\"https:\/\/niloofar.fr\/\"},{\"@type\":\"ListItem\",\"position\":2,\"name\":\"Chansons-fran\u00e7aises\"}]},{\"@type\":\"WebSite\",\"@id\":\"https:\/\/niloofar.fr\/#website\",\"url\":\"https:\/\/niloofar.fr\/\",\"name\":\"Niloofar\",\"description\":\"Chansons Supraconscientes pour \u00c9veiller l\u2019\u00c2me\",\"publisher\":{\"@id\":\"https:\/\/niloofar.fr\/#organization\"},\"potentialAction\":[{\"@type\":\"SearchAction\",\"target\":{\"@type\":\"EntryPoint\",\"urlTemplate\":\"https:\/\/niloofar.fr\/?s={search_term_string}\"},\"query-input\":{\"@type\":\"PropertyValueSpecification\",\"valueRequired\":true,\"valueName\":\"search_term_string\"}}],\"inLanguage\":\"fr-FR\"},{\"@type\":\"Organization\",\"@id\":\"https:\/\/niloofar.fr\/#organization\",\"name\":\"Niloofar\",\"url\":\"https:\/\/niloofar.fr\/\",\"logo\":{\"@type\":\"ImageObject\",\"inLanguage\":\"fr-FR\",\"@id\":\"https:\/\/niloofar.fr\/#\/schema\/logo\/image\/\",\"url\":\"https:\/\/niloofar.fr\/wp-content\/uploads\/2025\/05\/512x512-5.jpg\",\"contentUrl\":\"https:\/\/niloofar.fr\/wp-content\/uploads\/2025\/05\/512x512-5.jpg\",\"width\":512,\"height\":512,\"caption\":\"Niloofar\"},\"image\":{\"@id\":\"https:\/\/niloofar.fr\/#\/schema\/logo\/image\/\"},\"sameAs\":[\"https:\/\/www.instagram.com\/?hl=en\"]}]}<\/script>\n<!-- \/ Yoast SEO plugin. -->","yoast_head_json":{"title":"Chansons-fran\u00e7aises - Niloofar","robots":{"index":"index","follow":"follow","max-snippet":"max-snippet:-1","max-image-preview":"max-image-preview:large","max-video-preview":"max-video-preview:-1"},"canonical":"https:\/\/niloofar.fr\/index.php\/chansons-francaises\/","og_locale":"fr_FR","og_type":"article","og_title":"Chansons-fran\u00e7aises - Niloofar","og_description":"Adamique Ajusteur de pens\u00e9e-1 Ajusteur de pens\u00e9e-2 Ajusteur de pens\u00e9e-3 L&#8217;amour astral-1 L&#8217;amour astral-2 Anomalie dans la matrice-1 Anomalie dans la matrice-2 Au-del\u00e0 des Ombres-1 Au-del\u00e0 des Ombres-2 Centricit\u00e9 Col\u00e8re vibratoire","og_url":"https:\/\/niloofar.fr\/index.php\/chansons-francaises\/","og_site_name":"Niloofar","article_publisher":"https:\/\/www.instagram.com\/?hl=en","article_modified_time":"2025-12-11T11:31:50+00:00","twitter_card":"summary_large_image","twitter_misc":{"Dur\u00e9e de lecture estim\u00e9e":"1 minute"},"schema":{"@context":"https:\/\/schema.org","@graph":[{"@type":"WebPage","@id":"https:\/\/niloofar.fr\/index.php\/chansons-francaises\/","url":"https:\/\/niloofar.fr\/index.php\/chansons-francaises\/","name":"Chansons-fran\u00e7aises - Niloofar","isPartOf":{"@id":"https:\/\/niloofar.fr\/#website"},"datePublished":"2025-05-07T07:21:53+00:00","dateModified":"2025-12-11T11:31:50+00:00","breadcrumb":{"@id":"https:\/\/niloofar.fr\/index.php\/chansons-francaises\/#breadcrumb"},"inLanguage":"fr-FR","potentialAction":[{"@type":"ReadAction","target":["https:\/\/niloofar.fr\/index.php\/chansons-francaises\/"]}]},{"@type":"BreadcrumbList","@id":"https:\/\/niloofar.fr\/index.php\/chansons-francaises\/#breadcrumb","itemListElement":[{"@type":"ListItem","position":1,"name":"Accueil","item":"https:\/\/niloofar.fr\/"},{"@type":"ListItem","position":2,"name":"Chansons-fran\u00e7aises"}]},{"@type":"WebSite","@id":"https:\/\/niloofar.fr\/#website","url":"https:\/\/niloofar.fr\/","name":"Niloofar","description":"Chansons Supraconscientes pour \u00c9veiller l\u2019\u00c2me","publisher":{"@id":"https:\/\/niloofar.fr\/#organization"},"potentialAction":[{"@type":"SearchAction","target":{"@type":"EntryPoint","urlTemplate":"https:\/\/niloofar.fr\/?s={search_term_string}"},"query-input":{"@type":"PropertyValueSpecification","valueRequired":true,"valueName":"search_term_string"}}],"inLanguage":"fr-FR"},{"@type":"Organization","@id":"https:\/\/niloofar.fr\/#organization","name":"Niloofar","url":"https:\/\/niloofar.fr\/","logo":{"@type":"ImageObject","inLanguage":"fr-FR","@id":"https:\/\/niloofar.fr\/#\/schema\/logo\/image\/","url":"https:\/\/niloofar.fr\/wp-content\/uploads\/2025\/05\/512x512-5.jpg","contentUrl":"https:\/\/niloofar.fr\/wp-content\/uploads\/2025\/05\/512x512-5.jpg","width":512,"height":512,"caption":"Niloofar"},"image":{"@id":"https:\/\/niloofar.fr\/#\/schema\/logo\/image\/"},"sameAs":["https:\/\/www.instagram.com\/?hl=en"]}]}},"_links":{"self":[{"href":"https:\/\/niloofar.fr\/index.php\/wp-json\/wp\/v2\/pages\/117","targetHints":{"allow":["GET"]}}],"collection":[{"href":"https:\/\/niloofar.fr\/index.php\/wp-json\/wp\/v2\/pages"}],"about":[{"href":"https:\/\/niloofar.fr\/index.php\/wp-json\/wp\/v2\/types\/page"}],"author":[{"embeddable":true,"href":"https:\/\/niloofar.fr\/index.php\/wp-json\/wp\/v2\/users\/1"}],"replies":[{"embeddable":true,"href":"https:\/\/niloofar.fr\/index.php\/wp-json\/wp\/v2\/comments?post=117"}],"version-history":[{"count":128,"href":"https:\/\/niloofar.fr\/index.php\/wp-json\/wp\/v2\/pages\/117\/revisions"}],"predecessor-version":[{"id":981,"href":"https:\/\/niloofar.fr\/index.php\/wp-json\/wp\/v2\/pages\/117\/revisions\/981"}],"wp:attachment":[{"href":"https:\/\/niloofar.fr\/index.php\/wp-json\/wp\/v2\/media?parent=117"}],"curies":[{"name":"wp","href":"https:\/\/api.w.org\/{rel}","templated":true}]}}